{"id":58,"date":"2020-08-11T16:16:30","date_gmt":"2020-08-11T16:16:30","guid":{"rendered":"http:\/\/jugendgruppe-kredenbach.de\/?page_id=58"},"modified":"2026-01-27T11:12:20","modified_gmt":"2026-01-27T11:12:20","slug":"datenschutzerklaerung","status":"publish","type":"page","link":"https:\/\/cvjm-kredenbach.de\/?page_id=58","title":{"rendered":"Datenschutzerkl\u00e4rung"},"content":{"rendered":"\n<pre class=\"wp-block-preformatted\"><strong>Datenschutzhinweise f\u00fcr<\/strong>\n<strong>die Webseite<\/strong>\n<strong>www.cvjm-kredenbach.de<\/strong>\n<strong>\u00a0<\/strong>\n(auch erreichbar \u00fcber\nwww.jugendgruppe-kredenbach.de und www.jungschar-kredenbach.de)\n\u00a0\nDiese Datenschutz-Information gilt f\u00fcr die Datenverarbeitung auf der genannten Webseite, die durch folgenden Verantwortlichen erfolgt:\n\u00a0\n<a>CVJM Kredenbach<\/a>\nScheidtstra\u00dfe 21\n57223 Kreuztal\ndirk.reuter@cvjm-kredenbach.de\nVertretungsberechtigter Vorstand \n\u00a0\n\u00a0\n<strong>Erhebung und Speicherung personenbezogener Daten sowie Art und Zweck von deren Verwendung<\/strong>\n\u00a0\n<em>Beim Besuch der Website<\/em>\nBeim Aufrufen unserer Website werden durch den auf Ihrem Endger\u00e4t zum Einsatz kommenden Browser automatisch Informationen an den Server unserer Website gesendet. Diese Informationen werden tempor\u00e4r in einem sog. Logfile gespeichert. Folgende Informationen werden dabei ohne Ihr Zutun erfasst und bis zur automatisierten L\u00f6schung, in der Regel nach Ablauf einer Woche , gespeichert:\n\u00a0\n\u2022\u00a0\u00a0\u00a0\u00a0\u00a0\u00a0 IP-Adresse des anfragenden Rechners,\n\u2022\u00a0\u00a0\u00a0\u00a0\u00a0\u00a0 Datum und Uhrzeit des Zugriffs,\n\u2022\u00a0\u00a0\u00a0\u00a0\u00a0\u00a0 Name und URL der abgerufenen Datei,\n\u2022\u00a0\u00a0\u00a0\u00a0\u00a0\u00a0 Website, von der aus der Zugriff erfolgt (Referrer-URL),\n\u2022\u00a0\u00a0\u00a0\u00a0\u00a0\u00a0 verwendeter Browser und ggf. das Betriebssystem Ihres Rechners sowie der Name Ihres Access-Providers.\n\u00a0\nDie genannten Daten werden durch uns zu folgenden Zwecken verarbeitet:\n\u00a0\n\u2022\u00a0\u00a0\u00a0\u00a0\u00a0\u00a0 Gew\u00e4hrleistung eines reibungslosen Verbindungsaufbaus der Website,\n\u2022\u00a0\u00a0\u00a0\u00a0\u00a0\u00a0 Gew\u00e4hrleistung einer komfortablen Nutzung unserer Website,\n\u2022\u00a0\u00a0\u00a0\u00a0\u00a0\u00a0 Auswertung der Systemsicherheit und -stabilit\u00e4t\n\u2022\u00a0\u00a0\u00a0\u00a0\u00a0\u00a0 Aufkl\u00e4rung etwaiger missbr\u00e4uchlicher Seitenzugriffe (DoS\/DDoS-Attacken o.\u00e4.) sowie\n\u2022\u00a0\u00a0\u00a0\u00a0\u00a0\u00a0 zu weiteren administrativen Zwecken.\n\u00a0\nDie Rechtsgrundlage f\u00fcr die Datenverarbeitung ist Art. 6 Abs. 1 S. 1 lit. f DS-GVO. Unser berechtigtes Interesse zur Datenverarbeitung folgt aus oben aufgelisteten Zwecken. In der Regel verwenden wir die erhobenen Daten nicht zu dem Zweck, R\u00fcckschl\u00fcsse auf Ihre Person zu ziehen. Dies behalten wir uns allenfalls f\u00fcr den Fall vor, dass dies erforderlich wird, um missbr\u00e4uchliche Seitenzugriffe aufzukl\u00e4ren.\n\u00a0\nDar\u00fcber hinaus setzen wir beim Besuch unserer Website Cookies sowie Analysedienste ein (dazu siehe <strong>Cookies<\/strong> und <strong>Analyse-Tools<\/strong>)\n\u00a0\n\u00a0\n<strong>Weitergabe von Daten<\/strong>\n\u00a0\nEine \u00dcbermittlung Ihrer pers\u00f6nlichen Daten an Dritte zu anderen als den im Folgenden aufgef\u00fchrten Zwecken findet nicht statt. Wir geben Ihre pers\u00f6nlichen Daten nur an Dritte weiter, wenn und soweit:\n\u00a0\n\u2022\u00a0\u00a0\u00a0\u00a0\u00a0\u00a0 Sie Ihre nach Art. 6 Abs. 1 S. 1 lit. a DS-GVO ausdr\u00fcckliche Einwilligung dazu erteilt haben,\n\u2022\u00a0\u00a0\u00a0\u00a0\u00a0\u00a0 die Weitergabe nach Art. 6 Abs. 1 S. 1 lit. f DS-GVO zur Geltendmachung, Aus\u00fcbung oder Verteidigung von Rechtsanspr\u00fcchen erforderlich ist und kein Grund zur Annahme besteht, dass Sie ein \u00fcberwiegendes schutzw\u00fcrdiges Interesse an der Nichtweitergabe Ihrer Daten haben,\n\u2022\u00a0\u00a0\u00a0\u00a0\u00a0\u00a0 f\u00fcr den Fall, dass f\u00fcr die Weitergabe nach Art. 6 Abs. 1 S. 1 lit. c DS-GVO eine gesetzliche Verpflichtung besteht,\n\u2022\u00a0\u00a0\u00a0\u00a0\u00a0\u00a0 dies gesetzlich zul\u00e4ssig und nach Art. 6 Abs. 1 S. 1 lit. b DS-GVO f\u00fcr die Abwicklung von Vertragsverh\u00e4ltnissen mit Ihnen erforderlich ist, oder\n\u2022\u00a0\u00a0\u00a0\u00a0\u00a0\u00a0 wir uns zur Datenverarbeitung eines i.S.v. Art. 28 DS-GVO vertraglich verpflichteten und sorgf\u00e4ltig ausgew\u00e4hlten Auftragsverarbeiters bedienen.\n\u00a0\nEine \u00dcbermittlung Ihrer Daten in ein Drittland oder eine internationale Organisation findet nicht statt und ist nicht in Planung.\n\u00a0\n\u00a0\n<strong>Cookies<\/strong>\n\u00a0\nWir setzen auf unserer Seite Cookies ein. Hierbei handelt es sich um kleine Dateien, die Ihr Browser automatisch erstellt und die auf Ihrem Endger\u00e4t (Laptop, Tablet, Smartphone o.\u00e4.) gespeichert werden, wenn Sie unsere Seite besuchen. In dem Cookie werden Informationen abgelegt, die sich jeweils im Zusammenhang mit dem spezifisch eingesetzten Endger\u00e4t ergeben. Dies bedeutet jedoch nicht, dass wir dadurch unmittelbar Kenntnis von Ihrer Identit\u00e4t erhalten. Der Einsatz von Cookies dient einerseits dazu, die Nutzung unseres Angebots f\u00fcr Sie angenehmer zu gestalten. So setzen wir sogenannte Session-Cookies ein, um zu erkennen, dass Sie einzelne Seiten unserer Website bereits besucht haben. Diese werden nach Verlassen unserer Seite automatisch gel\u00f6scht.\n\u00a0\nDar\u00fcber hinaus setzen wir ebenfalls zur Optimierung der Benutzerfreundlichkeit tempor\u00e4re Cookies ein, die f\u00fcr einen bestimmten festgelegten Zeitraum auf Ihrem Endger\u00e4t gespeichert\nwerden. Besuchen Sie unsere Seite erneut, um unsere Dienste in Anspruch zu nehmen, wird automatisch erkannt, dass Sie bereits bei uns waren und welche Eingaben und Einstellungen sie get\u00e4tigt haben, um diese nicht noch einmal eingeben zu m\u00fcssen.\n\u00a0\nZum anderen setzten wir Cookies ein, um die Nutzung unserer Website statistisch zu erfassen und zum Zwecke der Optimierung unseres Angebotes f\u00fcr Sie auszuwerten (siehe <strong>Analyse-Tools<\/strong>). Diese Cookies erm\u00f6glichen es uns, bei einem erneuten Besuch unserer Seite automatisch zu erkennen, dass Sie bereits bei uns waren. Diese Cookies werden nach einer jeweils definierten Zeit automatisch gel\u00f6scht.\n\u00a0\nDer Einsatz von Cookies erfolgt aus unserem berechtigten Interesse gem. Art. 6 Abs. 1 lit. f DS-GVO.\n\u00a0\nSie k\u00f6nnen Ihren Browser so konfigurieren, dass keine Cookies auf Ihrem Computer gespeichert werden oder stets ein Hinweis erscheint, bevor ein neuer Cookie angelegt wird. Die vollst\u00e4ndige Deaktivierung von Cookies kann jedoch dazu f\u00fchren, dass Sie nicht alle Funktionen unserer Website nutzen k\u00f6nnen.\n\u00a0\n\u00a0\n<strong>Betroffenenrechte<\/strong>\n\u00a0\nSie haben im Rahmen der gesetzlichen Vorgaben das Recht von uns Auskunft, Berichtigung, L\u00f6schung, Einschr\u00e4nkung der Verarbeitung, Datenportabilit\u00e4t und Widerspruch gegen die Verarbeitung zu verlangen. Eine eventuell erteilte Einwilligung ist jederzeit mit Wirkung f\u00fcr die Zukunft widerruflich.\n\u00a0\nDar\u00fcber hinaus haben Sie ein allgemeines Beschwerderecht bei einer Datenschutzaufsichtsbeh\u00f6rde.\n\u00a0\n\u00a0\n<strong>Datensicherheit<\/strong>\n\u00a0\nWir verwenden innerhalb des Website-Besuchs das verbreitete SSL-Verfahren (Secure Socket Layer) in Verbindung mit der jeweils h\u00f6chsten Verschl\u00fcsselungsstufe, die von Ihrem Browser unterst\u00fctzt wird. In der Regel handelt es sich dabei um eine 256 Bit Verschl\u00fcsselung. Falls Ihr Browser keine 256-Bit Verschl\u00fcsselung unterst\u00fctzt, greifen wir stattdessen auf 128-Bit v3 Technologie zur\u00fcck. Ob eine einzelne Seite unseres Internetauftrittes verschl\u00fcsselt \u00fcbertragen wird, erkennen Sie an der geschlossenen Darstellung des Schl\u00fcssel- beziehungsweise Schloss-Symbols in der unteren Statusleiste Ihres Browsers.\n\u00a0\nWir bedienen uns im \u00dcbrigen geeigneter technischer und organisatorischer Sicherheitsma\u00dfnahmen, um Ihre Daten gegen zuf\u00e4llige oder vors\u00e4tzliche Manipulationen, teilweisen oder vollst\u00e4ndigen Verlust, Zerst\u00f6rung oder gegen den unbefugten Zugriff Dritter zu sch\u00fctzen. Unsere Sicherheitsma\u00dfnahmen werden entsprechend der technologischen Entwicklung fortlaufend verbessert.\n\u00a0\n\u00a0\n<strong>Aktualit\u00e4t und \u00c4nderung dieser Datenschutzerkl\u00e4rung<\/strong>\n\u00a0\nDiese Datenschutzerkl\u00e4rung hat den Stand Juni 2019. Durch die Weiterentwicklung unserer Website und Angebote dar\u00fcber oder aufgrund ge\u00e4nderter gesetzlicher beziehungsweise beh\u00f6rdlicher Vorgaben kann es notwendig werden, diese Datenschutzerkl\u00e4rung zu \u00e4ndern. Die jeweils aktuelle Datenschutzerkl\u00e4rung kann jederzeit auf der Website abgerufen und ausgedruckt werden.\n<\/pre>\n","protected":false},"excerpt":{"rendered":"<p>Datenschutzhinweise f\u00fcr die Webseite www.cvjm-kredenbach.de \u00a0 (auch erreichbar \u00fcber www.jugendgruppe-kredenbach.de und www.jungschar-kredenbach.de) \u00a0 Diese Datenschutz-Information gilt f\u00fcr die Datenverarbeitung auf der genannten Webseite, die durch folgenden<span class=\"excerpt-hellip\"> [\u2026]<\/span><\/p>\n","protected":false},"author":1,"featured_media":0,"parent":0,"menu_order":14,"comment_status":"closed","ping_status":"closed","template":"","meta":[],"_links":{"self":[{"href":"https:\/\/cvjm-kredenbach.de\/index.php?rest_route=\/wp\/v2\/pages\/58"}],"collection":[{"href":"https:\/\/cvjm-kredenbach.de\/index.php?rest_route=\/wp\/v2\/pages"}],"about":[{"href":"https:\/\/cvjm-kredenbach.de\/index.php?rest_route=\/wp\/v2\/types\/page"}],"author":[{"embeddable":true,"href":"https:\/\/cvjm-kredenbach.de\/index.php?rest_route=\/wp\/v2\/users\/1"}],"replies":[{"embeddable":true,"href":"https:\/\/cvjm-kredenbach.de\/index.php?rest_route=%2Fwp%2Fv2%2Fcomments&post=58"}],"version-history":[{"count":2,"href":"https:\/\/cvjm-kredenbach.de\/index.php?rest_route=\/wp\/v2\/pages\/58\/revisions"}],"predecessor-version":[{"id":68,"href":"https:\/\/cvjm-kredenbach.de\/index.php?rest_route=\/wp\/v2\/pages\/58\/revisions\/68"}],"wp:attachment":[{"href":"https:\/\/cvjm-kredenbach.de\/index.php?rest_route=%2Fwp%2Fv2%2Fmedia&parent=58"}],"curies":[{"name":"wp","href":"https:\/\/api.w.org\/{rel}","templated":true}]}}